{"id":40,"date":"2017-10-11T09:35:44","date_gmt":"2017-10-11T07:35:44","guid":{"rendered":"http:\/\/test.partner-atos.de\/?page_id=40"},"modified":"2026-03-18T22:41:54","modified_gmt":"2026-03-18T21:41:54","slug":"team","status":"publish","type":"page","link":"https:\/\/www.partner-atos.de\/?page_id=40","title":{"rendered":"Team Atos"},"content":{"rendered":"\n<h1 class=\"wp-block-heading\"><span style=\"color: #ff9900;\"><mark style=\"background-color:rgba(0, 0, 0, 0);color:#ff9900\" class=\"has-inline-color\"><strong>Eure partner@Atos Betriebsr\u00e4te<br><\/strong>(Amtsperiode 2022 &#8211; 2026)<\/mark><\/span><\/h1>\n\n\n\n<figure class=\"wp-block-table\"><table><tbody><tr><td><img loading=\"lazy\" decoding=\"async\" width=\"150\" height=\"151\" class=\"wp-image-1218\" style=\"width: 150px;\" src=\"https:\/\/www.partner-atos.de\/wp-content\/uploads\/2022\/02\/SAM_0052a-edited.jpg\" alt=\"\" srcset=\"https:\/\/www.partner-atos.de\/wp-content\/uploads\/2022\/02\/SAM_0052a-edited.jpg 516w, https:\/\/www.partner-atos.de\/wp-content\/uploads\/2022\/02\/SAM_0052a-edited-300x300.jpg 300w, https:\/\/www.partner-atos.de\/wp-content\/uploads\/2022\/02\/SAM_0052a-edited-150x150.jpg 150w, https:\/\/www.partner-atos.de\/wp-content\/uploads\/2022\/02\/SAM_0052a-edited-100x100.jpg 100w\" sizes=\"auto, (max-width: 150px) 100vw, 150px\" \/><\/td><td><b style=\"font-size: revert; font-family: inherit;\">Christoph Dorn<\/b><br> <p style=\"text-align: left;\">Die Grundlagen der Arbeit als Betriebsrat sind <strong>Hilfsbereitschaft<\/strong>, <strong>Vertrauen, Ehrlichkeit, Verbindlichkeit<\/strong> und gegenseitiger <strong>Respekt<\/strong> gegen\u00fcber <span style=\"color: #ff9900;\"><b><mark style=\"background-color:rgba(0, 0, 0, 0);color:#ff9900\" class=\"has-inline-color\">ALLEN<\/mark><\/b><\/span> Besch\u00e4ftigten&nbsp;in unserem Betrieb.<\/p>Betriebsausschuss, Personalausschuss, Ausschuss f\u00fcr Arbeitssicherheit und Arbeitsplatzfragen, Ausschuss f\u00fcr Information &amp; Kommunikation, Ausschuss f\u00fcr soziale Angelegenheiten, Mitglied BEM-Integrationsteam, GBR-Delegierter AIT<\/td><\/tr><tr><td>&nbsp;<img loading=\"lazy\" decoding=\"async\" class=\"alignnone size-medium wp-image-934\" src=\"https:\/\/www.partner-atos.de\/wp-content\/uploads\/2022\/02\/Bochow-Franziska-233x300.jpg\" alt=\"\" width=\"233\" height=\"300\" srcset=\"https:\/\/www.partner-atos.de\/wp-content\/uploads\/2022\/02\/Bochow-Franziska-233x300.jpg 233w, https:\/\/www.partner-atos.de\/wp-content\/uploads\/2022\/02\/Bochow-Franziska-796x1024.jpg 796w, https:\/\/www.partner-atos.de\/wp-content\/uploads\/2022\/02\/Bochow-Franziska-768x988.jpg 768w, https:\/\/www.partner-atos.de\/wp-content\/uploads\/2022\/02\/Bochow-Franziska-1195x1536.jpg 1195w, https:\/\/www.partner-atos.de\/wp-content\/uploads\/2022\/02\/Bochow-Franziska-1593x2048.jpg 1593w, https:\/\/www.partner-atos.de\/wp-content\/uploads\/2022\/02\/Bochow-Franziska-scaled.jpg 1991w\" sizes=\"auto, (max-width: 233px) 100vw, 233px\" \/><\/td><td><b style=\"font-size: revert; font-family: inherit;\">Franziska Bochow<\/b><br><br><p style=\"text-align: left;\">Gerade bei den Personalthemen wie Einstellung oder Versetzung ist eine <strong>neutrale und sachorientierte Sicht<\/strong> des Betriebsrats wichtig,&nbsp; damit <span style=\"color: #ff9900;\"><b><mark style=\"background-color:rgba(0, 0, 0, 0);color:#ff9900\" class=\"has-inline-color\">ALLE<\/mark><\/b><\/span> Besch\u00e4ftigten in unserem Betrieb <strong>gleichberechtigt und fair<\/strong> behandelt werden.<\/p>Betriebsausschuss, Personalausschuss, Ausschuss f\u00fcr Arbeitssicherheit und Arbeitsplatzfragen, Ausschuss f\u00fcr Arbeitszeitvorg\u00e4nge, Ausschuss f\u00fcr Information &amp; Kommunikation, Ausschuss f\u00fcr soziale Angelegenheiten, Schwerbehindertenvertreterin am Standort F\u00fcrth<\/td><\/tr><tr><td>&nbsp;<img loading=\"lazy\" decoding=\"async\" width=\"150\" height=\"150\" class=\"wp-image-1221\" style=\"width: 150px;\" src=\"https:\/\/www.partner-atos.de\/wp-content\/uploads\/2022\/02\/SAM_0030-edited.jpg\" alt=\"\" srcset=\"https:\/\/www.partner-atos.de\/wp-content\/uploads\/2022\/02\/SAM_0030-edited.jpg 762w, https:\/\/www.partner-atos.de\/wp-content\/uploads\/2022\/02\/SAM_0030-edited-300x300.jpg 300w, https:\/\/www.partner-atos.de\/wp-content\/uploads\/2022\/02\/SAM_0030-edited-150x150.jpg 150w, https:\/\/www.partner-atos.de\/wp-content\/uploads\/2022\/02\/SAM_0030-edited-100x100.jpg 100w\" sizes=\"auto, (max-width: 150px) 100vw, 150px\" \/><\/td><td><b style=\"font-size: revert; font-family: inherit;\">Wolfgang Alka<\/b> <br><br><p style=\"text-align: left;\"><strong>Patchdays, Mehrarbeit und Rufbereitschaften<\/strong> kommen bei uns als IT-Dienstleister sehr h\u00e4ufig vor, aber diese zus\u00e4tzlichen Arbeiten m\u00fcssen unter <span style=\"color: #ff9900;\"><b><mark style=\"background-color:rgba(0, 0, 0, 0);color:#ff9900\" class=\"has-inline-color\">ALLEN<\/mark><\/b><\/span> Beteiligten unseres Betriebes&nbsp; <strong>gleich und fair verteilt<\/strong> werden.<\/p> Ausschuss f\u00fcr Arbeitszeitvorg\u00e4nge, Datenverarbeitungsausschuss<\/td><\/tr><\/tbody><\/table><\/figure>\n\n\n\n<p><span style=\"color: #000000;\">Wir als <strong><span style=\"color: #ff9900;\"><mark style=\"background-color:rgba(0, 0, 0, 0);color:#ff9900\" class=\"has-inline-color\">partner@Atos<\/mark><\/span> <\/strong>Betriebsr\u00e4te sind f\u00fcr die<strong>Belange aller Mitarbeiter*innen<\/strong> von Atos aktiv.<\/span><\/p>\n\n\n\n<p><span style=\"color: #000000;\">Wir unterst\u00fctzen euch bei allen Personalfragen, bei allen sensiblen Themen, bei Arbeitszeitfragen und bei der Konfliktl\u00f6sung am Arbeitsplatz.<\/span><\/p>\n\n\n\n<p><span style=\"color: #000000;\">Ebenso bieten wir fundierte Beratung z.B. bei Sozialthemen, bei Altersteilzeit\u2013 und Aufhebungsvertr\u00e4gen oder bei Arbeitsplatzwechsel.<\/span><\/p>\n\n\n\n<p><span style=\"color: #000000;\">Wir bieten Schutz und Hilfe gegen Diskriminierung, Mobbing und willk\u00fcrliche, unvern\u00fcnftige Entscheidungen.<\/span><\/p>\n\n\n\n<p><span style=\"color: #000000;\">Der Betriebsrat und die Betriebsleitung sind zust\u00e4ndig f\u00fcr Vereinbarungen auf Betriebsebene, u. a. f\u00fcr die&nbsp;<\/span><span style=\"color: #000000;\">Arbeitszeit, bei innerbetrieblichen Gehaltszulagen, bei der Arbeitsplatzsicherung, bei der betrieblichen Weiterbildung, zum Schutz der Mitarbeiter vor Datenmissbrauch oder bei Themen der Arbeitssicherheit.<\/span><\/p>\n\n\n\n<p><span style=\"color: #000000;\">Betriebsratsmitglieder&nbsp;K\u00d6NNEN gewerkschaftlich organisiert sein; dennoch ist der Betriebsrat weder ein gewerkschaftliches noch ein politisches Organ, sondern er agiert als Vertreter ALLER Mitarbeitenden, also auch nicht-gewerkschaftlich organisierter Kolleginnen und Kollegen im Betrieb.&nbsp;&nbsp;<\/span><\/p>\n\n\n\n<p><span style=\"color: #000000;\">Eine Gewerkschaft hingegen ist, gemeinsam mit den Arbeitgeberverb\u00e4nden, zust\u00e4ndig f\u00fcr \u00fcberregionale Tarifpolitik. <\/span><span style=\"color: #000000;\"><strong>Die Zust\u00e4ndigkeiten von Betriebsrat und Gewerkschaft unterscheiden sich also von der Aufgabenstellung her erheblich voneinander und sollten deshalb auch jeweils getrennt voneinander betrachtet werden.<br><\/strong><\/span><\/p>\n\n\n\n<h2 class=\"wp-block-heading\"><span style=\"color: #ff9900;\"><strong><mark style=\"background-color:rgba(0, 0, 0, 0);color:#ff9900\" class=\"has-inline-color\">Unser Fokus als Betriebsrat:<\/mark><\/strong><\/span><\/h2>\n\n\n\n<h3 class=\"wp-block-heading\"><em><span style=\"color: #000000;\"><strong><span style=\"color: #ff9900;\">B<\/span>&nbsp;<\/strong>&#8211; Begleitung<br><\/span><\/em><em><span style=\"color: #000000;\"><span style=\"color: #ff9900;\"><strong>E<\/strong><\/span>&nbsp;&#8211; Engagement<br><\/span><\/em><em><span style=\"color: #000000;\"><span style=\"color: #ff9900;\"><strong>T<\/strong><\/span>&nbsp;&#8211; Transparenz<br><\/span><\/em><em><span style=\"color: #000000;\"><span style=\"color: #ff9900;\"><strong>R<\/strong><\/span>&nbsp;&#8211; Recht und Gesetz<br><\/span><\/em><em><span style=\"color: #000000;\"><strong><span style=\"color: #ff9900;\">&nbsp;I<\/span>&nbsp;<\/strong>&#8211; Interessenvertretung<br><\/span><\/em><em><span style=\"color: #000000;\"><strong><span style=\"color: #ff9900;\">E<\/span>&nbsp;<\/strong>&#8211; Ehrlichkeit<br><\/span><\/em><em><span style=\"color: #000000;\"><span style=\"color: #ff9900;\"><strong>B<\/strong><\/span>&nbsp;&#8211; Beratung<br><\/span><\/em><em><span style=\"color: #000000;\"><span style=\"color: #ff9900;\"><strong>S<\/strong><\/span>&nbsp;&#8211; Sorgfalt<br><\/span><\/em><em><span style=\"color: #000000;\"><span style=\"color: #ff9900;\"><strong>R<\/strong><\/span>&nbsp;&#8211; Realismus<br><\/span><\/em><em><span style=\"color: #000000;\"><span style=\"color: #ff9900;\"><strong>A<\/strong><\/span>&nbsp;&#8211; Ansprechpartner<br><\/span><\/em><em><span style=\"color: #000000;\"><span style=\"color: #ff9900;\"><strong>T<\/strong><\/span>&nbsp;&#8211; Tatkr\u00e4ftige Unterst\u00fctzung&nbsp;<\/span><\/em><\/h3>\n\n\n\n<h2 class=\"wp-block-heading\"><span style=\"color: #000000;\">Wir stehen f\u00fcr umsetzbare L\u00f6sungen und stellen uns Herausforderungen.<\/span><\/h2>\n\n\n\n<p><span style=\"color: #000000;\"><strong><br><span style=\"color: #ff9900;\"><mark style=\"background-color:rgba(0, 0, 0, 0);color:#ff9900\" class=\"has-inline-color\">Wir sind \u2026<\/mark><\/span><br><\/strong>\u2026 vern\u00fcnftig und zeitgem\u00e4\u00df<br>&#8230; modern und aufgeschlossen<br>\u2026 zielorientiert&nbsp;<br>\u2026 wertebewusst&nbsp;<br>\u2026 engagiert&nbsp;<br>\u2026 kommunikationsfreudig&nbsp;<br>\u2026 f\u00fcr <span style=\"color: #ff9900;\"><strong>Alle<\/strong><\/span>&nbsp;da!<\/span><\/p>\n\n\n\n<p><span style=\"color: #000000;\"><span style=\"color: #ff9900;\"><strong>Wir stehen f\u00fcr:<\/strong>&nbsp;<\/span><br><\/span><span style=\"color: #000000;\">&#8211; vertrauensvolle, professionelle und v.a. l\u00f6sungsorientierte Zusammenarbeit zwischen Arbeitgeber und Betriebsrat <strong>im Sinne aller Kolleginnen und Kollegen<\/strong><\/span><\/p>\n\n\n\n<p><span style=\"color: #000000;\">&#8211; offene, ehrliche und transparente Kommunikation im Betrieb<\/span><\/p>\n\n\n\n<p><span style=\"color: #000000;\">&#8211; <em>ALLE<\/em>&nbsp;Mitarbeiter:innen, unabh\u00e4ngig von Alter, Einkommensgruppe, Geschlecht, Behinderung etc.<\/span><\/p>\n\n\n\n<p><span style=\"color: #000000;\">&#8211; Meinungsbildung und Meinungsfreiheit<\/span><\/p>\n\n\n\n<p><span style=\"color: #000000;\">&#8211; gemeinsame und konstruktive L\u00f6sungen<\/span><\/p>\n\n\n\n<p><span style=\"color: #000000;\">&#8211; f\u00fcr mehr Zufriedenheit und f\u00fcr ein besseres Arbeitsklima f\u00fcr&nbsp;<em><strong><span style=\"color: #ff9900;\">ALLE<\/span><\/strong>&nbsp;<\/em><\/span><\/p>\n\n\n\n<p><span style=\"color: #000000;\">&#8211; aktive Mitgestaltung von Ver\u00e4nderungen<\/span><\/p>\n\n\n\n<p><span style=\"color: #000000;\">Betriebsratsarbeit, die <strong>Menschen<\/strong> <strong>und ihr Handeln im Betrieb<\/strong> stehen bei uns <strong>im Mittelpunkt<\/strong>, nicht die pers\u00f6nlichen Interessen.<\/span><\/p>\n\n\n\n<p>Wir engagieren uns f\u00fcr den <strong>Erhalt attraktiver und sicherer Arbeitspl\u00e4tze&nbsp;<\/strong><\/p>\n\n\n\n<p>Nat\u00fcrlich achten wir auch darauf, dass der g\u00fcltige Tarifvertrag, geltende Gesetze und abgeschlossene Betriebsvereinbarungen gelebt und eingehalten werden.<br><\/p>\n\n\n<div class=\"wp-block-image\">\n<figure class=\"aligncenter size-large is-resized\"><img loading=\"lazy\" decoding=\"async\" width=\"1024\" height=\"963\" src=\"https:\/\/www.partner-atos.de\/wp-content\/uploads\/2025\/08\/image-1-1024x963.png\" alt=\"\" class=\"wp-image-2270\" style=\"aspect-ratio:1.0633578379297157;width:347px;height:auto\" srcset=\"https:\/\/www.partner-atos.de\/wp-content\/uploads\/2025\/08\/image-1-1024x963.png 1024w, https:\/\/www.partner-atos.de\/wp-content\/uploads\/2025\/08\/image-1-300x282.png 300w, https:\/\/www.partner-atos.de\/wp-content\/uploads\/2025\/08\/image-1-768x722.png 768w, https:\/\/www.partner-atos.de\/wp-content\/uploads\/2025\/08\/image-1.png 1198w\" sizes=\"auto, (max-width: 706px) 89vw, (max-width: 767px) 82vw, 740px\" \/><\/figure>\n<\/div>\n\n\n<p><\/p>\n","protected":false},"excerpt":{"rendered":"<p>Eure partner@Atos Betriebsr\u00e4te(Amtsperiode 2022 &#8211; 2026) Christoph Dorn Die Grundlagen der Arbeit als Betriebsrat sind Hilfsbereitschaft, Vertrauen, Ehrlichkeit, Verbindlichkeit und gegenseitiger Respekt gegen\u00fcber ALLEN Besch\u00e4ftigten&nbsp;in unserem Betrieb. Betriebsausschuss, Personalausschuss, Ausschuss f\u00fcr Arbeitssicherheit und Arbeitsplatzfragen, Ausschuss f\u00fcr Information &amp; Kommunikation, Ausschuss f\u00fcr soziale Angelegenheiten, Mitglied BEM-Integrationsteam, GBR-Delegierter AIT &nbsp; Franziska Bochow Gerade bei den Personalthemen wie &hellip; <\/p>\n<p class=\"link-more\"><a href=\"https:\/\/www.partner-atos.de\/?page_id=40\" class=\"more-link\"><span class=\"screen-reader-text\">\u201eTeam Atos\u201c <\/span>weiterlesen<\/a><\/p>\n","protected":false},"author":1,"featured_media":0,"parent":0,"menu_order":0,"comment_status":"closed","ping_status":"closed","template":"","meta":{"footnotes":""},"class_list":["post-40","page","type-page","status-publish","hentry"],"_links":{"self":[{"href":"https:\/\/www.partner-atos.de\/index.php?rest_route=\/wp\/v2\/pages\/40","targetHints":{"allow":["GET"]}}],"collection":[{"href":"https:\/\/www.partner-atos.de\/index.php?rest_route=\/wp\/v2\/pages"}],"about":[{"href":"https:\/\/www.partner-atos.de\/index.php?rest_route=\/wp\/v2\/types\/page"}],"author":[{"embeddable":true,"href":"https:\/\/www.partner-atos.de\/index.php?rest_route=\/wp\/v2\/users\/1"}],"replies":[{"embeddable":true,"href":"https:\/\/www.partner-atos.de\/index.php?rest_route=%2Fwp%2Fv2%2Fcomments&post=40"}],"version-history":[{"count":73,"href":"https:\/\/www.partner-atos.de\/index.php?rest_route=\/wp\/v2\/pages\/40\/revisions"}],"predecessor-version":[{"id":2636,"href":"https:\/\/www.partner-atos.de\/index.php?rest_route=\/wp\/v2\/pages\/40\/revisions\/2636"}],"wp:attachment":[{"href":"https:\/\/www.partner-atos.de\/index.php?rest_route=%2Fwp%2Fv2%2Fmedia&parent=40"}],"curies":[{"name":"wp","href":"https:\/\/api.w.org\/{rel}","templated":true}]}}