{"id":2784,"date":"2026-05-07T09:07:39","date_gmt":"2026-05-07T07:07:39","guid":{"rendered":"https:\/\/www.partner-atos.de\/?page_id=2784"},"modified":"2026-05-07T09:07:39","modified_gmt":"2026-05-07T07:07:39","slug":"wahlergebnis-der-br-wahl","status":"publish","type":"page","link":"https:\/\/www.partner-atos.de\/?page_id=2784","title":{"rendered":"Wahlergebnis der BR Wahl"},"content":{"rendered":"\n<p id=\"block-fbc929ef-cfb6-45c2-8a60-54eba7fd6a40\">Die Betriebsratswahl 2026 ist zu Ende, die vollst\u00e4ndige Ausz\u00e4hlung der Stimmen und die Sitzverteilung der beiden Listen wurde durch den Wahlvorstand best\u00e4tigt und offiziell bekannt gegeben:<\/p>\n\n\n\n<p id=\"block-06014523-5eb3-44d8-b1a1-063da11dc27e\">Die Wahlbeteiligung in F\u00fcrth lag bei 55,15% (385 abgegebene Stimmen (358 g\u00fcltige)  bei 698 Wahlberechtigten); die insgesamt 15 zu vergebenden Sitze des neu gew\u00e4hlten Gremiums verteilen sich wie folgt:<br><br>Liste1: <strong>IGM <\/strong>erh\u00e4lt <strong>9 Sitze<\/strong> (3 Frauen, 6 M\u00e4nner)<br>Liste2: <strong><mark style=\"background-color:rgba(0, 0, 0, 0);color:#ff9900\" class=\"has-inline-color\">partner@Atos <\/mark><\/strong>erh\u00e4lt <strong>6 Sitze<\/strong> (4 Frauen, 2 M\u00e4nner)<\/p>\n\n\n\n<p id=\"block-18a52c02-036c-40af-b9b6-17212ce6c30d\"><strong><mark style=\"background-color:rgba(0, 0, 0, 0);color:#ff9900\" class=\"has-inline-color\">partner@Atos<\/mark><\/strong> hat mit eurer Unterst\u00fctzung seinen Anteil von 36,8% auf nunmehr  43,01% steigern k\u00f6nnen, ein weiteres Plus von 6,21% im Vergleich zur letzten Wahl! Nat\u00fcrlich erwarten und fordern wir eine dem entsprechende Ber\u00fccksichtigung im Gremium, in den GBRen und auch in den einzelnen Aussch\u00fcssen.<br><\/p>\n\n\n\n<p id=\"block-b2b0898d-4add-48dd-bac4-8c3df67e9b46\"><strong>Vielen, vielen Dank f\u00fcr eure tolle Unterst\u00fctzung und f\u00fcr euer Vertrauen in uns f\u00fcr die kommenden vier Jahre!<\/strong><\/p>\n","protected":false},"excerpt":{"rendered":"<p>Die Betriebsratswahl 2026 ist zu Ende, die vollst\u00e4ndige Ausz\u00e4hlung der Stimmen und die Sitzverteilung der beiden Listen wurde durch den Wahlvorstand best\u00e4tigt und offiziell bekannt gegeben: Die Wahlbeteiligung in F\u00fcrth lag bei 55,15% (385 abgegebene Stimmen (358 g\u00fcltige) bei 698 Wahlberechtigten); die insgesamt 15 zu vergebenden Sitze des neu gew\u00e4hlten Gremiums verteilen sich wie folgt: &hellip; <\/p>\n<p class=\"link-more\"><a href=\"https:\/\/www.partner-atos.de\/?page_id=2784\" class=\"more-link\"><span class=\"screen-reader-text\">\u201eWahlergebnis der BR Wahl\u201c <\/span>weiterlesen<\/a><\/p>\n","protected":false},"author":1,"featured_media":0,"parent":0,"menu_order":0,"comment_status":"closed","ping_status":"closed","template":"","meta":{"footnotes":""},"class_list":["post-2784","page","type-page","status-publish","hentry"],"_links":{"self":[{"href":"https:\/\/www.partner-atos.de\/index.php?rest_route=\/wp\/v2\/pages\/2784","targetHints":{"allow":["GET"]}}],"collection":[{"href":"https:\/\/www.partner-atos.de\/index.php?rest_route=\/wp\/v2\/pages"}],"about":[{"href":"https:\/\/www.partner-atos.de\/index.php?rest_route=\/wp\/v2\/types\/page"}],"author":[{"embeddable":true,"href":"https:\/\/www.partner-atos.de\/index.php?rest_route=\/wp\/v2\/users\/1"}],"replies":[{"embeddable":true,"href":"https:\/\/www.partner-atos.de\/index.php?rest_route=%2Fwp%2Fv2%2Fcomments&post=2784"}],"version-history":[{"count":1,"href":"https:\/\/www.partner-atos.de\/index.php?rest_route=\/wp\/v2\/pages\/2784\/revisions"}],"predecessor-version":[{"id":2786,"href":"https:\/\/www.partner-atos.de\/index.php?rest_route=\/wp\/v2\/pages\/2784\/revisions\/2786"}],"wp:attachment":[{"href":"https:\/\/www.partner-atos.de\/index.php?rest_route=%2Fwp%2Fv2%2Fmedia&parent=2784"}],"curies":[{"name":"wp","href":"https:\/\/api.w.org\/{rel}","templated":true}]}}