{"id":1091,"date":"2022-02-14T10:38:16","date_gmt":"2022-02-14T09:38:16","guid":{"rendered":"http:\/\/www.partner-atos.de\/?page_id=1091"},"modified":"2022-02-15T10:20:33","modified_gmt":"2022-02-15T09:20:33","slug":"wahlausschreiben","status":"publish","type":"page","link":"https:\/\/www.partner-atos.de\/?page_id=1091","title":{"rendered":"Wahlausschreiben &#038; W\u00e4hlerliste"},"content":{"rendered":"\n<p>Unter nachfolgendem Link kannst du das offizielle Wahlausschreiben lesen sowie die aktuell g\u00fcltigen W\u00e4hlerlisten (m\/w) einsehen. Der Zugang erfolgt via PKI.<\/p>\n\n\n\n<p><a href=\"https:\/\/sp2013.myatos.net\/org\/de\/br\/ait\/fuerth1\/SitePages\/Wahlvorstand%20BR-Wahl%202022.aspx\">https:\/\/sp2013.myatos.net\/org\/de\/br\/ait\/fuerth1\/SitePages\/Wahlvorstand%20BR-Wahl%202022.aspx<\/a><\/p>\n\n\n\n<p>F\u00fcr R\u00fcckfragen zu den W\u00e4hlerlisten oder zu Fragen bzgl. der Wahl selbst schicke bitte ein Mail an den Wahlvorstand unter <strong>Betriebsratswahl2022.Furth(at)atos.net<\/strong><\/p>\n","protected":false},"excerpt":{"rendered":"<p>Unter nachfolgendem Link kannst du das offizielle Wahlausschreiben lesen sowie die aktuell g\u00fcltigen W\u00e4hlerlisten (m\/w) einsehen. Der Zugang erfolgt via PKI. https:\/\/sp2013.myatos.net\/org\/de\/br\/ait\/fuerth1\/SitePages\/Wahlvorstand%20BR-Wahl%202022.aspx F\u00fcr R\u00fcckfragen zu den W\u00e4hlerlisten oder zu Fragen bzgl. der Wahl selbst schicke bitte ein Mail an den Wahlvorstand unter Betriebsratswahl2022.Furth(at)atos.net<\/p>\n","protected":false},"author":1,"featured_media":0,"parent":0,"menu_order":0,"comment_status":"closed","ping_status":"closed","template":"","meta":{"footnotes":""},"class_list":["post-1091","page","type-page","status-publish","hentry"],"_links":{"self":[{"href":"https:\/\/www.partner-atos.de\/index.php?rest_route=\/wp\/v2\/pages\/1091","targetHints":{"allow":["GET"]}}],"collection":[{"href":"https:\/\/www.partner-atos.de\/index.php?rest_route=\/wp\/v2\/pages"}],"about":[{"href":"https:\/\/www.partner-atos.de\/index.php?rest_route=\/wp\/v2\/types\/page"}],"author":[{"embeddable":true,"href":"https:\/\/www.partner-atos.de\/index.php?rest_route=\/wp\/v2\/users\/1"}],"replies":[{"embeddable":true,"href":"https:\/\/www.partner-atos.de\/index.php?rest_route=%2Fwp%2Fv2%2Fcomments&post=1091"}],"version-history":[{"count":7,"href":"https:\/\/www.partner-atos.de\/index.php?rest_route=\/wp\/v2\/pages\/1091\/revisions"}],"predecessor-version":[{"id":1165,"href":"https:\/\/www.partner-atos.de\/index.php?rest_route=\/wp\/v2\/pages\/1091\/revisions\/1165"}],"wp:attachment":[{"href":"https:\/\/www.partner-atos.de\/index.php?rest_route=%2Fwp%2Fv2%2Fmedia&parent=1091"}],"curies":[{"name":"wp","href":"https:\/\/api.w.org\/{rel}","templated":true}]}}